{"id":3431,"date":"2020-02-25T10:17:39","date_gmt":"2020-02-25T09:17:39","guid":{"rendered":"https:\/\/ilovetravelling.info\/?page_id=3431"},"modified":"2021-04-27T09:24:38","modified_gmt":"2021-04-27T07:24:38","slug":"home-page","status":"publish","type":"page","link":"https:\/\/ilovetravelling.info\/es\/","title":{"rendered":"Home Page"},"content":{"rendered":"\n\t\t\t<div class=\"uagb-post-grid  uagb-post__image-position-background uagb-block-4065f5c5    uagb-post__arrow-outside\" data-total=\"1\">\n\n\t\t\t\t<div class=\"uagb-post__items uagb-post__columns-1 is-carousel uagb-post__columns-tablet-2 uagb-post__columns-mobile-1 uagb-post__carousel_equal-height\">\n\n\t\t\t\t\t\t\t\t<article >\n\t\t\t\t\t\t\t\t\t\t<div class=\"uagb-post__inner-wrap\">\n\t\t\t\t\t\t\t\t\t\t\t\t\t\t\t<div class='uagb-post__image'>\n\t\t\t\t<a href=\"https:\/\/ilovetravelling.info\/es\/tu-proximo-vuelo-podrias-comprarlo-al-azar-en-una-maquina-expendedora\/\" target=\"_self\" rel=\"bookmark noopener noreferrer\"><img width=\"800\" height=\"800\" src=\"https:\/\/ilovetravelling.info\/wp-content\/uploads\/2021\/10\/pexels-erik-mclean-4062267-edited.jpg\" class=\"attachment-large size-large\" alt=\"\" loading=\"lazy\" srcset=\"https:\/\/ilovetravelling.info\/wp-content\/uploads\/2021\/10\/pexels-erik-mclean-4062267-edited.jpg 800w, https:\/\/ilovetravelling.info\/wp-content\/uploads\/2021\/10\/pexels-erik-mclean-4062267-edited-300x300.jpg 300w, https:\/\/ilovetravelling.info\/wp-content\/uploads\/2021\/10\/pexels-erik-mclean-4062267-edited-150x150.jpg 150w, https:\/\/ilovetravelling.info\/wp-content\/uploads\/2021\/10\/pexels-erik-mclean-4062267-edited-768x768.jpg 768w, https:\/\/ilovetravelling.info\/wp-content\/uploads\/2021\/10\/pexels-erik-mclean-4062267-edited-75x75.jpg 75w\" sizes=\"(max-width: 800px) 100vw, 800px\" \/>\t\t\t\t<\/a>\n\t\t\t<\/div>\n\t\t\t\t\t\t<div class='uagb-post__text'> \n\t\t\t\t<h3 class=\"uagb-post__title\">\n\t\t\t\t\t<a href=\"https:\/\/ilovetravelling.info\/es\/tu-proximo-vuelo-podrias-comprarlo-al-azar-en-una-maquina-expendedora\/\" target=\"_self\" rel=\"bookmark noopener noreferrer\">Tu pr\u00f3ximo vuelo podr\u00edas comprarlo al azar en una m\u00e1quina expendedora<\/a>\n\t\t\t\t<\/h3>\n\t\t\t<\/div>\n\t\t\t\t\t\t<div class='uagb-post__text'> \n\t\t\t<div class=\"uagb-post-grid-byline\">\n\t\t\t\t\t\t\t\t<time datetime=\"2021-10-20T14:25:04+02:00\" class=\"uagb-post__date\">\n\t\t\t\t\t<span class=\"dashicons-calendar dashicons\"><\/span>\n\t\t\t\t\t20 octubre, 2021\t\t\t\t<\/time>\n\t\t\t\t\t\t<\/div>\n\t\t\t<\/div>\n\t\t\t\t\t\t<div class='uagb-post__text'> \n\t\t\t\t<div class=\"uagb-post__cta\">\n\t\t\t\t\t<a class=\"uagb-post__link uagb-text-link\" href=\"https:\/\/ilovetravelling.info\/es\/tu-proximo-vuelo-podrias-comprarlo-al-azar-en-una-maquina-expendedora\/\" target=\"_self\" rel=\"bookmark noopener noreferrer\">Leer m\u00e1s<\/a>\n\t\t\t\t<\/div>\n\t\t\t<\/div>\n\t\t\t\t\t\t\t\t<\/div>\n\t\t\t\t\t\t\t\t\t<\/article>\n\t\t\t\t\t\t\t\t<\/div>\n\t\t\t\t\t\t\t<\/div>\n\t\t\t\n\n\n\t\t\t<div class=\"uagb-post-grid  uagb-post__image-position-top uagb-block-cf71a920   \" data-total=\"1\">\n\n\t\t\t\t<div class=\"uagb-post__items uagb-post__columns-2 is-grid uagb-post__columns-tablet-2 uagb-post__columns-mobile-1 uagb-post__equal-height\">\n\n\t\t\t\t\t\t\t\t<article >\n\t\t\t\t\t\t\t\t\t\t<div class=\"uagb-post__inner-wrap\">\n\t\t\t\t\t\t\t\t\t\t\t\t\t\t\t<div class='uagb-post__image'>\n\t\t\t\t<a href=\"https:\/\/ilovetravelling.info\/es\/tu-proximo-vuelo-podrias-comprarlo-al-azar-en-una-maquina-expendedora\/\" target=\"_self\" rel=\"bookmark noopener noreferrer\"><img width=\"800\" height=\"800\" src=\"https:\/\/ilovetravelling.info\/wp-content\/uploads\/2021\/10\/pexels-erik-mclean-4062267-edited.jpg\" class=\"attachment-large size-large\" alt=\"\" loading=\"lazy\" srcset=\"https:\/\/ilovetravelling.info\/wp-content\/uploads\/2021\/10\/pexels-erik-mclean-4062267-edited.jpg 800w, https:\/\/ilovetravelling.info\/wp-content\/uploads\/2021\/10\/pexels-erik-mclean-4062267-edited-300x300.jpg 300w, https:\/\/ilovetravelling.info\/wp-content\/uploads\/2021\/10\/pexels-erik-mclean-4062267-edited-150x150.jpg 150w, https:\/\/ilovetravelling.info\/wp-content\/uploads\/2021\/10\/pexels-erik-mclean-4062267-edited-768x768.jpg 768w, https:\/\/ilovetravelling.info\/wp-content\/uploads\/2021\/10\/pexels-erik-mclean-4062267-edited-75x75.jpg 75w\" sizes=\"(max-width: 800px) 100vw, 800px\" \/>\t\t\t\t<\/a>\n\t\t\t<\/div>\n\t\t\t\t\t\t<div class='uagb-post__text'> \n\t\t\t\t<h3 class=\"uagb-post__title\">\n\t\t\t\t\t<a href=\"https:\/\/ilovetravelling.info\/es\/tu-proximo-vuelo-podrias-comprarlo-al-azar-en-una-maquina-expendedora\/\" target=\"_self\" rel=\"bookmark noopener noreferrer\">Tu pr\u00f3ximo vuelo podr\u00edas comprarlo al azar en una m\u00e1quina expendedora<\/a>\n\t\t\t\t<\/h3>\n\t\t\t<\/div>\n\t\t\t\t\t\t<div class='uagb-post__text'> \n\t\t\t<div class=\"uagb-post-grid-byline\">\n\t\t\t\t\t\t\t\t<time datetime=\"2021-10-20T14:25:04+02:00\" class=\"uagb-post__date\">\n\t\t\t\t\t<span class=\"dashicons-calendar dashicons\"><\/span>\n\t\t\t\t\t20 octubre, 2021\t\t\t\t<\/time>\n\t\t\t\t\t\t<\/div>\n\t\t\t<\/div>\n\t\t\t\t\t\t\t<div class='uagb-post__text'> \n\t\t\t\t\t<div class=\"uagb-post__excerpt\">\n\t\t\t\t\t\t\u00bfRecuerdas de ni\u00f1o cuando sacabas bolas con sorpresas de m\u00e1quinas expendedoras a las que hab\u00eda que echarle una moneda? Bueno, pues ahora podr\u00edas hacer lo \u2026\t\t\t\t\t<\/div>\n\t\t\t<\/div>\n\t\t\t\t\t\t<div class='uagb-post__text'> \n\t\t\t\t<div class=\"uagb-post__cta\">\n\t\t\t\t\t<a class=\"uagb-post__link uagb-text-link\" href=\"https:\/\/ilovetravelling.info\/es\/tu-proximo-vuelo-podrias-comprarlo-al-azar-en-una-maquina-expendedora\/\" target=\"_self\" rel=\"bookmark noopener noreferrer\">Leer m\u00e1s<\/a>\n\t\t\t\t<\/div>\n\t\t\t<\/div>\n\t\t\t\t\t\t\t\t<\/div>\n\t\t\t\t\t\t\t\t\t<\/article>\n\t\t\t\t\t\t\t\t<\/div>\n\t\t\t\t\t\t\t\t\t<div class=\"uagb-post-pagination-wrap\">\n\t\t\t\t\t\t\t\t\t\t\t<\/div>\n\t\t\t\t\t\t\t\t<\/div>\n\t\t\t","protected":false},"excerpt":{"rendered":"","protected":false},"author":1,"featured_media":0,"parent":0,"menu_order":0,"comment_status":"closed","ping_status":"closed","template":"","meta":{"_genesis_hide_title":true,"_genesis_hide_breadcrumbs":false,"_genesis_hide_singular_image":false,"_genesis_hide_footer_widgets":false,"_genesis_custom_body_class":"","_genesis_custom_post_class":"","_genesis_layout":"content-sidebar"},"yoast_head":"<!-- This site is optimized with the Yoast SEO plugin v17.3 - https:\/\/yoast.com\/wordpress\/plugins\/seo\/ -->\n<title>Home Page - I Love Travelling<\/title>\n<meta name=\"robots\" content=\"index, follow, max-snippet:-1, max-image-preview:large, max-video-preview:-1\" \/>\n<link rel=\"canonical\" href=\"https:\/\/ilovetravelling.info\/es\/\" \/>\n<meta property=\"og:locale\" content=\"es_ES\" \/>\n<meta property=\"og:type\" content=\"article\" \/>\n<meta property=\"og:title\" content=\"Home Page - I Love Travelling\" \/>\n<meta property=\"og:url\" content=\"https:\/\/ilovetravelling.info\/es\/\" \/>\n<meta property=\"og:site_name\" content=\"I Love Travelling\" \/>\n<meta property=\"article:modified_time\" content=\"2021-04-27T07:24:38+00:00\" \/>\n<meta name=\"twitter:card\" content=\"summary_large_image\" \/>\n<script type=\"application\/ld+json\" class=\"yoast-schema-graph\">{\"@context\":\"https:\/\/schema.org\",\"@graph\":[{\"@type\":\"WebSite\",\"@id\":\"https:\/\/ilovetravelling.info\/#website\",\"url\":\"https:\/\/ilovetravelling.info\/\",\"name\":\"I Love Travelling\",\"description\":\"\",\"potentialAction\":[{\"@type\":\"SearchAction\",\"target\":{\"@type\":\"EntryPoint\",\"urlTemplate\":\"https:\/\/ilovetravelling.info\/?s={search_term_string}\"},\"query-input\":\"required name=search_term_string\"}],\"inLanguage\":\"es\"},{\"@type\":\"WebPage\",\"@id\":\"https:\/\/ilovetravelling.info\/es\/#webpage\",\"url\":\"https:\/\/ilovetravelling.info\/es\/\",\"name\":\"Home Page - I Love Travelling\",\"isPartOf\":{\"@id\":\"https:\/\/ilovetravelling.info\/#website\"},\"datePublished\":\"2020-02-25T09:17:39+00:00\",\"dateModified\":\"2021-04-27T07:24:38+00:00\",\"breadcrumb\":{\"@id\":\"https:\/\/ilovetravelling.info\/es\/#breadcrumb\"},\"inLanguage\":\"es\",\"potentialAction\":[{\"@type\":\"ReadAction\",\"target\":[\"https:\/\/ilovetravelling.info\/es\/\"]}]},{\"@type\":\"BreadcrumbList\",\"@id\":\"https:\/\/ilovetravelling.info\/es\/#breadcrumb\",\"itemListElement\":[{\"@type\":\"ListItem\",\"position\":1,\"name\":\"Portada\",\"item\":\"https:\/\/ilovetravelling.info\/es\/\"},{\"@type\":\"ListItem\",\"position\":2,\"name\":\"Home Page\"}]}]}<\/script>\n<!-- \/ Yoast SEO plugin. -->","yoast_head_json":{"title":"Home Page - I Love Travelling","robots":{"index":"index","follow":"follow","max-snippet":"max-snippet:-1","max-image-preview":"max-image-preview:large","max-video-preview":"max-video-preview:-1"},"canonical":"https:\/\/ilovetravelling.info\/es\/","og_locale":"es_ES","og_type":"article","og_title":"Home Page - I Love Travelling","og_url":"https:\/\/ilovetravelling.info\/es\/","og_site_name":"I Love Travelling","article_modified_time":"2021-04-27T07:24:38+00:00","twitter_card":"summary_large_image","schema":{"@context":"https:\/\/schema.org","@graph":[{"@type":"WebSite","@id":"https:\/\/ilovetravelling.info\/#website","url":"https:\/\/ilovetravelling.info\/","name":"I Love Travelling","description":"","potentialAction":[{"@type":"SearchAction","target":{"@type":"EntryPoint","urlTemplate":"https:\/\/ilovetravelling.info\/?s={search_term_string}"},"query-input":"required name=search_term_string"}],"inLanguage":"es"},{"@type":"WebPage","@id":"https:\/\/ilovetravelling.info\/es\/#webpage","url":"https:\/\/ilovetravelling.info\/es\/","name":"Home Page - I Love Travelling","isPartOf":{"@id":"https:\/\/ilovetravelling.info\/#website"},"datePublished":"2020-02-25T09:17:39+00:00","dateModified":"2021-04-27T07:24:38+00:00","breadcrumb":{"@id":"https:\/\/ilovetravelling.info\/es\/#breadcrumb"},"inLanguage":"es","potentialAction":[{"@type":"ReadAction","target":["https:\/\/ilovetravelling.info\/es\/"]}]},{"@type":"BreadcrumbList","@id":"https:\/\/ilovetravelling.info\/es\/#breadcrumb","itemListElement":[{"@type":"ListItem","position":1,"name":"Portada","item":"https:\/\/ilovetravelling.info\/es\/"},{"@type":"ListItem","position":2,"name":"Home Page"}]}]}},"uagb_featured_image_src":{"full":false,"thumbnail":false,"medium":false,"medium_large":false,"large":false,"1536x1536":false,"2048x2048":false,"sidebar-featured":false,"genesis-singular-images":false},"uagb_author_info":{"display_name":"AdminLovetravelling","author_link":"https:\/\/ilovetravelling.info\/es\/author\/adminlovetravelling\/"},"uagb_comment_info":0,"uagb_excerpt":null,"_links":{"self":[{"href":"https:\/\/ilovetravelling.info\/es\/wp-json\/wp\/v2\/pages\/3431"}],"collection":[{"href":"https:\/\/ilovetravelling.info\/es\/wp-json\/wp\/v2\/pages"}],"about":[{"href":"https:\/\/ilovetravelling.info\/es\/wp-json\/wp\/v2\/types\/page"}],"author":[{"embeddable":true,"href":"https:\/\/ilovetravelling.info\/es\/wp-json\/wp\/v2\/users\/1"}],"replies":[{"embeddable":true,"href":"https:\/\/ilovetravelling.info\/es\/wp-json\/wp\/v2\/comments?post=3431"}],"version-history":[{"count":14,"href":"https:\/\/ilovetravelling.info\/es\/wp-json\/wp\/v2\/pages\/3431\/revisions"}],"predecessor-version":[{"id":5939,"href":"https:\/\/ilovetravelling.info\/es\/wp-json\/wp\/v2\/pages\/3431\/revisions\/5939"}],"wp:attachment":[{"href":"https:\/\/ilovetravelling.info\/es\/wp-json\/wp\/v2\/media?parent=3431"}],"curies":[{"name":"wp","href":"https:\/\/api.w.org\/{rel}","templated":true}]}}